{"id":34,"date":"2019-04-26T09:49:37","date_gmt":"2019-04-26T07:49:37","guid":{"rendered":"http:\/\/itv.conselldeivissa.es\/inici\/"},"modified":"2021-10-11T14:37:36","modified_gmt":"2021-10-11T12:37:36","slug":"inici","status":"publish","type":"page","link":"https:\/\/itv.conselldeivissa.es\/ca\/","title":{"rendered":"Inici"},"content":{"rendered":"\n<style type=\"text\/css\" data-created_by=\"avia_inline_auto\" id=\"style-css-av-k5ii1j7f-3a9309e8019ab8be7281e3f6a2178ae6\">\n.avia-section.av-k5ii1j7f-3a9309e8019ab8be7281e3f6a2178ae6 .av-parallax .av-parallax-inner{\nbackground-repeat:no-repeat;\nbackground-image:url(https:\/\/itv.conselldeivissa.es\/wp-content\/uploads\/fondoinicio06.jpg);\nbackground-position:50% 50%;\nbackground-attachment:scroll;\n}\n<\/style>\n<div id='av_section_1'  class='avia-section av-k5ii1j7f-3a9309e8019ab8be7281e3f6a2178ae6 main_color avia-section-default avia-no-border-styling  avia-builder-el-0  el_before_av_one_half  avia-builder-el-first  portada av-parallax-section avia-bg-style-parallax av-minimum-height av-minimum-height-100 av-height-100  container_wrap sidebar_right'  data-section-bg-repeat='no-repeat' data-av_minimum_height_pc='100' data-av_min_height_opt='100'><div class='av-parallax' data-avia-parallax-ratio='0.3' ><div class='av-parallax-inner main_color avia-full-stretch'><\/div><\/div><div class='container av-section-cont-open' ><main  role=\"main\" itemprop=\"mainContentOfPage\"  class='template-page content  av-content-small alpha units'><div class='post-entry post-entry-type-page post-entry-34'><div class='entry-content-wrapper clearfix'>\n<style type=\"text\/css\" data-created_by=\"avia_inline_auto\" id=\"style-css-av-k5jhpigp-ad4913be2f3f04343fdf2778148129a4\">\n#top .av-special-heading.av-k5jhpigp-ad4913be2f3f04343fdf2778148129a4{\npadding-bottom:40px;\n}\nbody .av-special-heading.av-k5jhpigp-ad4913be2f3f04343fdf2778148129a4 .av-special-heading-tag .heading-char{\nfont-size:25px;\n}\n.av-special-heading.av-k5jhpigp-ad4913be2f3f04343fdf2778148129a4 .av-subheading{\nfont-size:15px;\n}\n<\/style>\n<div  class='av-special-heading av-k5jhpigp-ad4913be2f3f04343fdf2778148129a4 av-special-heading-h1 blockquote modern-quote  avia-builder-el-1  el_before_av_textblock  avia-builder-el-first  av-linked-heading'><h1 class='av-special-heading-tag '  itemprop=\"headline\"  >CITA PR\u00c8VIA ITV IBIZA<\/h1><div class=\"special-heading-border\"><div class=\"special-heading-inner-border\"><\/div><\/div><\/div>\n<section  class='av_textblock_section av-k0b7gd4w-f03ded577f7ec7595482c53d14e89ca5 '   itemscope=\"itemscope\" itemtype=\"https:\/\/schema.org\/CreativeWork\" ><div class='avia_textblock'  itemprop=\"text\" ><p>Des d&#8217;aquesta web podr\u00e0s triar la teva cita pr\u00e8via per passar la Inspecci\u00f3 T\u00e8cnica del teu vehicle.<\/p>\n<p>El dia i hora que prefereixis, sense esperes, f\u00e0cil i c\u00f2mode.<\/p>\n<\/div><\/section>\n<div  class='avia-button-wrap av-k5jf70yf-a91917a875b6f01cd2dbfd0e6651fbde-wrap avia-button-left  avia-builder-el-3  el_after_av_textblock  avia-builder-el-last '><a href='\/ca\/cita'  class='avia-button av-k5jf70yf-a91917a875b6f01cd2dbfd0e6651fbde av-link-btn avia-icon_select-yes-left-icon avia-size-large avia-position-left avia-color-theme-color'   aria-label=\"Concerta la teva cita\"><span class='avia_button_icon avia_button_icon_left avia-iconfont avia-font-entypo-fontello' data-av_icon='\ue85b' data-av_iconfont='entypo-fontello' ><\/span><span class='avia_iconbox_title' >Concerta la teva cita<\/span><\/a><\/div><\/div><\/div><\/main><!-- close content main element --><\/div><\/div><div id='after_section_1'  class='main_color av_default_container_wrap container_wrap sidebar_right'  ><div class='container av-section-cont-open' ><div class='template-page content  av-content-small alpha units'><div class='post-entry post-entry-type-page post-entry-34'><div class='entry-content-wrapper clearfix'>\n<div class='flex_column_table av-51fg-84e78fa4f932ef36f0b7a6f42eef4940 sc-av_one_half av-equal-height-column-flextable'>\n<style type=\"text\/css\" data-created_by=\"avia_inline_auto\" id=\"style-css-av-51fg-84e78fa4f932ef36f0b7a6f42eef4940\">\n#top .flex_column_table.av-equal-height-column-flextable.av-51fg-84e78fa4f932ef36f0b7a6f42eef4940{\nmargin-top:50px;\nmargin-bottom:50px;\n}\n.flex_column.av-51fg-84e78fa4f932ef36f0b7a6f42eef4940{\nborder-radius:0px 0px 0px 0px;\npadding:0px 0px 0px 0px;\n}\n<\/style>\n<div  class='flex_column av-51fg-84e78fa4f932ef36f0b7a6f42eef4940 av_one_half  avia-builder-el-4  el_after_av_section  el_before_av_one_half  avia-builder-el-first  estacion first flex_column_table_cell av-equal-height-column av-align-top av-animated-generic left-to-right av-zero-column-padding  '     ><style type=\"text\/css\" data-created_by=\"avia_inline_auto\" id=\"style-css-av-kgvx99tl-ab44ff5db3426667db0b15fa19f6c5ce\">\n#top #wrap_all .iconbox.av-kgvx99tl-ab44ff5db3426667db0b15fa19f6c5ce .iconbox_content_title{\ncolor:#283489;\n}\n<\/style>\n<article  class='iconbox iconbox_top av-kgvx99tl-ab44ff5db3426667db0b15fa19f6c5ce  avia-builder-el-5  avia-builder-el-no-sibling  main_color'  itemscope=\"itemscope\" itemtype=\"https:\/\/schema.org\/CreativeWork\" ><div class=\"iconbox_content\"><header class=\"entry-content-header\" aria-label=\"Icon: ITV SANTA GERTRUDIS\"><div class='iconbox_icon heading-color avia-iconfont avia-font-entypo-fontello' data-av_icon='\ue82a' data-av_iconfont='entypo-fontello'  ><\/div><h3 class='iconbox_content_title '  itemprop=\"headline\" >ITV SANTA GERTRUDIS<\/h3><\/header><div class='iconbox_content_container '  itemprop=\"text\" ><p>\n<style type=\"text\/css\" data-created_by=\"avia_inline_auto\" id=\"style-css-av-2rpi-b765401ec66be36b0009e338e5748693\">\n.av_font_icon.av-2rpi-b765401ec66be36b0009e338e5748693 .av-icon-char{\nfont-size:30px;\nline-height:30px;\n}\n<\/style>\n<span  class='av_font_icon av-2rpi-b765401ec66be36b0009e338e5748693 avia_animate_when_visible av-icon-style- avia-icon-pos-center avia-iconfont avia-font-entypo-fontello av-no-color avia-icon-animate'><span class='av-icon-char' data-av_icon='\ue842' data-av_iconfont='entypo-fontello' aria-hidden=\"true\" ><\/span><\/span>Ctra. Sant Miquel, Km 2,7<br \/>07814 Santa Gertrudis<\/p>\n<p>\n<style type=\"text\/css\" data-created_by=\"avia_inline_auto\" id=\"style-css-av-3oi2-a85506358dd25416d6ae86c7786a351c\">\n.av_font_icon.av-3oi2-a85506358dd25416d6ae86c7786a351c .av-icon-char{\nfont-size:30px;\nline-height:30px;\n}\n<\/style>\n<span  class='av_font_icon av-3oi2-a85506358dd25416d6ae86c7786a351c avia_animate_when_visible av-icon-style- avia-icon-pos-center avia-iconfont avia-font-entypo-fontello av-no-color avia-icon-animate'><span class='av-icon-char' data-av_icon='\ue854' data-av_iconfont='entypo-fontello' aria-hidden=\"true\" ><\/span><\/span>971 195 906<\/p>\n<p>\n<style type=\"text\/css\" data-created_by=\"avia_inline_auto\" id=\"style-css-av-36ps-271c2bcd77557219a010289f121c3357\">\n.av_font_icon.av-36ps-271c2bcd77557219a010289f121c3357 .av-icon-char{\nfont-size:30px;\nline-height:30px;\n}\n<\/style>\n<span  class='av_font_icon av-36ps-271c2bcd77557219a010289f121c3357 avia_animate_when_visible av-icon-style- avia-icon-pos-center avia-iconfont avia-font-entypo-fontello av-no-color avia-icon-animate'><span class='av-icon-char' data-av_icon='\ue862' data-av_iconfont='entypo-fontello' aria-hidden=\"true\" ><\/span><\/span>8:00 \u2013 14:00 h \/ 15:00 \u2013 20:30 h<br \/>(dilluns a divendres)<\/p>\n<div  class='avia-button-wrap av-3o8c-1be11e17ef40344fa33eb8b5a9976d19-wrap avia-button-center  avia-builder-el-9  el_after_av_font_icon  avia-builder-el-last '><a href='https:\/\/goo.gl\/maps\/DyqU9kuQChcGsGsh6'  class='avia-button av-3o8c-1be11e17ef40344fa33eb8b5a9976d19 av-link-btn avia-icon_select-yes-left-icon avia-size-small avia-position-center avia-color-theme-color'  target=\"_blank\"  rel=\"noopener noreferrer\"  aria-label=\"Com arribar\"><span class='avia_button_icon avia_button_icon_left avia-iconfont avia-font-entypo-fontello' data-av_icon='\ue844' data-av_iconfont='entypo-fontello' ><\/span><span class='avia_iconbox_title' >Com arribar<\/span><\/a><\/div>\n<\/div><\/div><footer class=\"entry-footer\"><\/footer><\/article><\/div>\n<div class='av-flex-placeholder'><\/div>\n<style type=\"text\/css\" data-created_by=\"avia_inline_auto\" id=\"style-css-av-51fg-a8f51f18741ee2fe858d40d8a8cf87f7\">\n#top .flex_column_table.av-equal-height-column-flextable.av-51fg-a8f51f18741ee2fe858d40d8a8cf87f7{\nmargin-top:50px;\nmargin-bottom:50px;\n}\n.flex_column.av-51fg-a8f51f18741ee2fe858d40d8a8cf87f7{\nborder-radius:0px 0px 0px 0px;\npadding:0px 0px 0px 0px;\n}\n<\/style>\n<div  class='flex_column av-51fg-a8f51f18741ee2fe858d40d8a8cf87f7 av_one_half  avia-builder-el-10  el_after_av_one_half  el_before_av_section  avia-builder-el-last  estacion flex_column_table_cell av-equal-height-column av-align-top av-animated-generic right-to-left av-zero-column-padding  '     ><style type=\"text\/css\" data-created_by=\"avia_inline_auto\" id=\"style-css-av-kgvx99tl-d5219d3ac58f5ca78c90511bc076c93f\">\n#top #wrap_all .iconbox.av-kgvx99tl-d5219d3ac58f5ca78c90511bc076c93f .iconbox_content_title{\ncolor:#283489;\n}\n<\/style>\n<article  class='iconbox iconbox_top av-kgvx99tl-d5219d3ac58f5ca78c90511bc076c93f  avia-builder-el-11  avia-builder-el-no-sibling  main_color'  itemscope=\"itemscope\" itemtype=\"https:\/\/schema.org\/CreativeWork\" ><div class=\"iconbox_content\"><header class=\"entry-content-header\" aria-label=\"Icon: ITV M\u00f3vil Eivissa\"><div class='iconbox_icon heading-color avia-iconfont avia-font-entypo-fontello' data-av_icon='\ue82a' data-av_iconfont='entypo-fontello'  ><\/div><h3 class='iconbox_content_title '  itemprop=\"headline\" >ITV M\u00f3vil Eivissa<\/h3><\/header><div class='iconbox_content_container '  itemprop=\"text\" ><p>\n<style type=\"text\/css\" data-created_by=\"avia_inline_auto\" id=\"style-css-av-2rpi-b765401ec66be36b0009e338e5748693\">\n.av_font_icon.av-2rpi-b765401ec66be36b0009e338e5748693 .av-icon-char{\nfont-size:30px;\nline-height:30px;\n}\n<\/style>\n<span  class='av_font_icon av-2rpi-b765401ec66be36b0009e338e5748693 avia_animate_when_visible av-icon-style- avia-icon-pos-center avia-iconfont avia-font-entypo-fontello av-no-color avia-icon-animate'><span class='av-icon-char' data-av_icon='\ue842' data-av_iconfont='entypo-fontello' aria-hidden=\"true\" ><\/span><\/span>Parquing Recinto Ferial \u2013 Ctra d\u2019eivissa a Sant Antoni<br \/>07800 Eivissa<\/p>\n<p>\n<style type=\"text\/css\" data-created_by=\"avia_inline_auto\" id=\"style-css-av-3oi2-a85506358dd25416d6ae86c7786a351c\">\n.av_font_icon.av-3oi2-a85506358dd25416d6ae86c7786a351c .av-icon-char{\nfont-size:30px;\nline-height:30px;\n}\n<\/style>\n<span  class='av_font_icon av-3oi2-a85506358dd25416d6ae86c7786a351c avia_animate_when_visible av-icon-style- avia-icon-pos-center avia-iconfont avia-font-entypo-fontello av-no-color avia-icon-animate'><span class='av-icon-char' data-av_icon='\ue854' data-av_iconfont='entypo-fontello' aria-hidden=\"true\" ><\/span><\/span>971 195 906<\/p>\n<p>\n<style type=\"text\/css\" data-created_by=\"avia_inline_auto\" id=\"style-css-av-36ps-271c2bcd77557219a010289f121c3357\">\n.av_font_icon.av-36ps-271c2bcd77557219a010289f121c3357 .av-icon-char{\nfont-size:30px;\nline-height:30px;\n}\n<\/style>\n<span  class='av_font_icon av-36ps-271c2bcd77557219a010289f121c3357 avia_animate_when_visible av-icon-style- avia-icon-pos-center avia-iconfont avia-font-entypo-fontello av-no-color avia-icon-animate'><span class='av-icon-char' data-av_icon='\ue862' data-av_iconfont='entypo-fontello' aria-hidden=\"true\" ><\/span><\/span><span class=\"horario\">8:00 \u2013 13:30 h \/ 16:00 \u2013 19:30 h<br \/>(dilluns a divendres)<br \/><\/span><\/p>\n<div  class='avia-button-wrap av-3o8c-d97b749c02f281a7c236d529e1319e2d-wrap avia-button-center  avia-builder-el-15  el_after_av_font_icon  avia-builder-el-last '><a href='https:\/\/goo.gl\/maps\/GghhsRzVRMFnd4S66'  class='avia-button av-3o8c-d97b749c02f281a7c236d529e1319e2d av-link-btn avia-icon_select-yes-left-icon avia-size-small avia-position-center avia-color-theme-color'  target=\"_blank\"  rel=\"noopener noreferrer\"  aria-label=\"Com arribar\"><span class='avia_button_icon avia_button_icon_left avia-iconfont avia-font-entypo-fontello' data-av_icon='\ue844' data-av_iconfont='entypo-fontello' ><\/span><span class='avia_iconbox_title' >Com arribar<\/span><\/a><\/div>\n<\/div><\/div><footer class=\"entry-footer\"><\/footer><\/article><\/div><\/div><!--close column table wrapper. Autoclose: 1 -->\n<\/div><\/div><\/div><!-- close content main div --><\/div><\/div><div id='av_section_2'  class='avia-section av-k0b9apnr-9bad3d292c70d397e28a6a1a75ee7ac0 main_color avia-section-no-padding avia-no-shadow  avia-builder-el-16  el_after_av_one_half  el_before_av_section  mapa avia-bg-style-scroll container_wrap sidebar_right'  ><div class='container av-section-cont-open' ><div class='template-page content  av-content-small alpha units'><div class='post-entry post-entry-type-page post-entry-34'><div class='entry-content-wrapper clearfix'>\n\n<\/div><\/div><\/div><!-- close content main div --><\/div><\/div>\n<style type=\"text\/css\" data-created_by=\"avia_inline_auto\" id=\"style-css-av-khc4t0iq-c8ea2bb1b02156d1ea280286e096f0c3\">\n.avia-section.av-khc4t0iq-c8ea2bb1b02156d1ea280286e096f0c3{\nbackground-color:#ffffff;\nbackground-image:unset;\n}\n<\/style>\n<div id='av_section_3'  class='avia-section av-khc4t0iq-c8ea2bb1b02156d1ea280286e096f0c3 main_color avia-section-large avia-no-shadow  avia-builder-el-18  el_after_av_section  avia-builder-el-last  avia-bg-style-scroll container_wrap sidebar_right'  ><div class='container av-section-cont-open' ><div class='template-page content  av-content-small alpha units'><div class='post-entry post-entry-type-page post-entry-34'><div class='entry-content-wrapper clearfix'>\n<style type=\"text\/css\" data-created_by=\"avia_inline_auto\" id=\"style-css-av-khc503f2-647c06076c916ab8ff969ad8191825fc\">\n.iconbox.av-khc503f2-647c06076c916ab8ff969ad8191825fc .iconbox_icon{\ncolor:#aa1e2c;\n}\n.iconbox.av-khc503f2-647c06076c916ab8ff969ad8191825fc .iconbox_icon.avia-svg-icon svg:first-child{\nfill:#aa1e2c;\nstroke:#aa1e2c;\n}\n#top #wrap_all .iconbox.av-khc503f2-647c06076c916ab8ff969ad8191825fc .iconbox_content_title{\nfont-size:26px;\ncolor:#283489;\n}\n<\/style>\n<article  class='iconbox iconbox_left_content av-khc503f2-647c06076c916ab8ff969ad8191825fc av-icon-style-no-border  avia-builder-el-19  avia-builder-el-no-sibling '  itemscope=\"itemscope\" itemtype=\"https:\/\/schema.org\/CreativeWork\" ><a href='https:\/\/itv.conselldeivissa.es\/ca\/?p=835' title='TENS UNA CITA?' aria-label='TENS UNA CITA?'  class='iconbox_icon heading-color avia-iconfont avia-font-entypo-fontello' data-av_icon='\ue85b' data-av_iconfont='entypo-fontello' title=\"TENS UNA CITA?\" desc=\"TENS UNA CITA?\" ><\/a><div class=\"iconbox_content\"><header class=\"entry-content-header\" aria-label=\"Icon: TENS UNA CITA?\"><h3 class='iconbox_content_title '  itemprop=\"headline\" ><a href='https:\/\/itv.conselldeivissa.es\/ca\/?p=835' title='TENS UNA CITA?' >TENS UNA CITA?<\/a><\/h3><\/header><div class='iconbox_content_container '  itemprop=\"text\" ><p>Si vols, pots <a href=\"\/ca\/consultar-cita-previa\"><strong>consultar o anul\u00b7lar<\/strong><\/a> una cita que tinguis concertada.<\/p>\n<\/div><\/div><footer class=\"entry-footer\"><\/footer><\/article><\/div><\/div><\/div><!-- close content main div --><\/div><\/div><div id='after_section_3'  class='main_color av_default_container_wrap container_wrap sidebar_right'  ><div class='container av-section-cont-open' ><div class='template-page content  av-content-small alpha units'><div class='post-entry post-entry-type-page post-entry-34'><div class='entry-content-wrapper clearfix'><\/p>\n","protected":false},"excerpt":{"rendered":"","protected":false},"author":1,"featured_media":0,"parent":0,"menu_order":0,"comment_status":"closed","ping_status":"open","template":"","meta":{"footnotes":""},"class_list":["post-34","page","type-page","status-publish","hentry"],"yoast_head":"<!-- This site is optimized with the Yoast SEO plugin v27.2 - https:\/\/yoast.com\/product\/yoast-seo-wordpress\/ -->\n<title>Inici - Cita previa ITV | Consell d&#039;Eivissa<\/title>\n<meta name=\"robots\" content=\"index, follow, max-snippet:-1, max-image-preview:large, max-video-preview:-1\" \/>\n<link rel=\"canonical\" href=\"https:\/\/itv.conselldeivissa.es\/ca\/\" \/>\n<meta property=\"og:locale\" content=\"ca_ES\" \/>\n<meta property=\"og:type\" content=\"article\" \/>\n<meta property=\"og:title\" content=\"Inici - Cita previa ITV | Consell d&#039;Eivissa\" \/>\n<meta property=\"og:url\" content=\"https:\/\/itv.conselldeivissa.es\/ca\/\" \/>\n<meta property=\"og:site_name\" content=\"Cita previa ITV | Consell d&#039;Eivissa\" \/>\n<meta property=\"article:modified_time\" content=\"2021-10-11T12:37:36+00:00\" \/>\n<meta name=\"twitter:card\" content=\"summary_large_image\" \/>\n<meta name=\"twitter:label1\" content=\"Est. reading time\" \/>\n\t<meta name=\"twitter:data1\" content=\"8 minutes\" \/>\n<script type=\"application\/ld+json\" class=\"yoast-schema-graph\">{\"@context\":\"https:\/\/schema.org\",\"@graph\":[{\"@type\":\"WebPage\",\"@id\":\"https:\/\/itv.conselldeivissa.es\/ca\/\",\"url\":\"https:\/\/itv.conselldeivissa.es\/ca\/\",\"name\":\"Inici - Cita previa ITV | Consell d&#039;Eivissa\",\"isPartOf\":{\"@id\":\"https:\/\/itv.conselldeivissa.es\/ca\/#website\"},\"datePublished\":\"2019-04-26T07:49:37+00:00\",\"dateModified\":\"2021-10-11T12:37:36+00:00\",\"breadcrumb\":{\"@id\":\"https:\/\/itv.conselldeivissa.es\/ca\/#breadcrumb\"},\"inLanguage\":\"ca-ES\",\"potentialAction\":[{\"@type\":\"ReadAction\",\"target\":[\"https:\/\/itv.conselldeivissa.es\/ca\/\"]}]},{\"@type\":\"BreadcrumbList\",\"@id\":\"https:\/\/itv.conselldeivissa.es\/ca\/#breadcrumb\",\"itemListElement\":[{\"@type\":\"ListItem\",\"position\":1,\"name\":\"Portada\",\"item\":\"http:\/\/itv.conselldeivissa.es\/ca\/\"},{\"@type\":\"ListItem\",\"position\":2,\"name\":\"Inici\"}]},{\"@type\":\"WebSite\",\"@id\":\"https:\/\/itv.conselldeivissa.es\/ca\/#website\",\"url\":\"https:\/\/itv.conselldeivissa.es\/ca\/\",\"name\":\"Cita previa ITV | Consell d&#039;Eivissa\",\"description\":\"Inspecci\u00f3 T\u00e8cnica de Vehicles a Eivissa\",\"potentialAction\":[{\"@type\":\"SearchAction\",\"target\":{\"@type\":\"EntryPoint\",\"urlTemplate\":\"https:\/\/itv.conselldeivissa.es\/ca\/?s={search_term_string}\"},\"query-input\":{\"@type\":\"PropertyValueSpecification\",\"valueRequired\":true,\"valueName\":\"search_term_string\"}}],\"inLanguage\":\"ca-ES\"}]}<\/script>\n<!-- \/ Yoast SEO plugin. -->","yoast_head_json":{"title":"Inici - Cita previa ITV | Consell d&#039;Eivissa","robots":{"index":"index","follow":"follow","max-snippet":"max-snippet:-1","max-image-preview":"max-image-preview:large","max-video-preview":"max-video-preview:-1"},"canonical":"https:\/\/itv.conselldeivissa.es\/ca\/","og_locale":"ca_ES","og_type":"article","og_title":"Inici - Cita previa ITV | Consell d&#039;Eivissa","og_url":"https:\/\/itv.conselldeivissa.es\/ca\/","og_site_name":"Cita previa ITV | Consell d&#039;Eivissa","article_modified_time":"2021-10-11T12:37:36+00:00","twitter_card":"summary_large_image","twitter_misc":{"Est. reading time":"8 minutes"},"schema":{"@context":"https:\/\/schema.org","@graph":[{"@type":"WebPage","@id":"https:\/\/itv.conselldeivissa.es\/ca\/","url":"https:\/\/itv.conselldeivissa.es\/ca\/","name":"Inici - Cita previa ITV | Consell d&#039;Eivissa","isPartOf":{"@id":"https:\/\/itv.conselldeivissa.es\/ca\/#website"},"datePublished":"2019-04-26T07:49:37+00:00","dateModified":"2021-10-11T12:37:36+00:00","breadcrumb":{"@id":"https:\/\/itv.conselldeivissa.es\/ca\/#breadcrumb"},"inLanguage":"ca-ES","potentialAction":[{"@type":"ReadAction","target":["https:\/\/itv.conselldeivissa.es\/ca\/"]}]},{"@type":"BreadcrumbList","@id":"https:\/\/itv.conselldeivissa.es\/ca\/#breadcrumb","itemListElement":[{"@type":"ListItem","position":1,"name":"Portada","item":"http:\/\/itv.conselldeivissa.es\/ca\/"},{"@type":"ListItem","position":2,"name":"Inici"}]},{"@type":"WebSite","@id":"https:\/\/itv.conselldeivissa.es\/ca\/#website","url":"https:\/\/itv.conselldeivissa.es\/ca\/","name":"Cita previa ITV | Consell d&#039;Eivissa","description":"Inspecci\u00f3 T\u00e8cnica de Vehicles a Eivissa","potentialAction":[{"@type":"SearchAction","target":{"@type":"EntryPoint","urlTemplate":"https:\/\/itv.conselldeivissa.es\/ca\/?s={search_term_string}"},"query-input":{"@type":"PropertyValueSpecification","valueRequired":true,"valueName":"search_term_string"}}],"inLanguage":"ca-ES"}]}},"_links":{"self":[{"href":"https:\/\/itv.conselldeivissa.es\/ca\/wp-json\/wp\/v2\/pages\/34","targetHints":{"allow":["GET"]}}],"collection":[{"href":"https:\/\/itv.conselldeivissa.es\/ca\/wp-json\/wp\/v2\/pages"}],"about":[{"href":"https:\/\/itv.conselldeivissa.es\/ca\/wp-json\/wp\/v2\/types\/page"}],"author":[{"embeddable":true,"href":"https:\/\/itv.conselldeivissa.es\/ca\/wp-json\/wp\/v2\/users\/1"}],"replies":[{"embeddable":true,"href":"https:\/\/itv.conselldeivissa.es\/ca\/wp-json\/wp\/v2\/comments?post=34"}],"version-history":[{"count":62,"href":"https:\/\/itv.conselldeivissa.es\/ca\/wp-json\/wp\/v2\/pages\/34\/revisions"}],"predecessor-version":[{"id":970,"href":"https:\/\/itv.conselldeivissa.es\/ca\/wp-json\/wp\/v2\/pages\/34\/revisions\/970"}],"wp:attachment":[{"href":"https:\/\/itv.conselldeivissa.es\/ca\/wp-json\/wp\/v2\/media?parent=34"}],"curies":[{"name":"wp","href":"https:\/\/api.w.org\/{rel}","templated":true}]}}