{"id":456,"date":"2019-12-17T10:12:39","date_gmt":"2019-12-17T09:12:39","guid":{"rendered":"http:\/\/itv.conselldeivissa.es\/?page_id=456"},"modified":"2020-01-21T19:44:54","modified_gmt":"2020-01-21T18:44:54","slug":"cookies","status":"publish","type":"page","link":"https:\/\/itv.conselldeivissa.es\/ca\/cookies\/","title":{"rendered":"cookies"},"content":{"rendered":"\n<style type=\"text\/css\" data-created_by=\"avia_inline_auto\" id=\"style-css-av-k5o89zw1-893d6b2be45c1d56fdb010ecb5a2f509\">\n.avia-section.av-k5o89zw1-893d6b2be45c1d56fdb010ecb5a2f509{\nbackground-repeat:no-repeat;\nbackground-image:url(https:\/\/itv.conselldeivissa.es\/wp-content\/uploads\/fondocita06.jpg);\nbackground-position:0% 0%;\nbackground-attachment:scroll;\n}\n<\/style>\n<div id='av_section_1'  class='avia-section av-k5o89zw1-893d6b2be45c1d56fdb010ecb5a2f509 main_color avia-section-default avia-no-border-styling  avia-builder-el-0  el_before_av_one_full  avia-builder-el-first  portada avia-bg-style-scroll av-minimum-height av-minimum-height-custom av-height-custom  container_wrap sidebar_right'  data-section-bg-repeat='no-repeat' data-av_minimum_height_px='400'><div class='container av-section-cont-open' style='height:400px'><main  role=\"main\" itemprop=\"mainContentOfPage\"  class='template-page content  av-content-small alpha units'><div class='post-entry post-entry-type-page post-entry-456'><div class='entry-content-wrapper clearfix'>\n\n<style type=\"text\/css\" data-created_by=\"avia_inline_auto\" id=\"style-css-av-av_heading-b774875d3c29b28a91f1f0499dacd46b\">\n#top .av-special-heading.av-av_heading-b774875d3c29b28a91f1f0499dacd46b{\npadding-bottom:10px;\n}\nbody .av-special-heading.av-av_heading-b774875d3c29b28a91f1f0499dacd46b .av-special-heading-tag .heading-char{\nfont-size:25px;\n}\n.av-special-heading.av-av_heading-b774875d3c29b28a91f1f0499dacd46b .av-subheading{\nfont-size:15px;\n}\n<\/style>\n<div  class='av-special-heading av-av_heading-b774875d3c29b28a91f1f0499dacd46b av-special-heading-h1 blockquote modern-quote  avia-builder-el-1  avia-builder-el-no-sibling  av-linked-heading'><h1 class='av-special-heading-tag '  itemprop=\"headline\"  >Pol\u00edtica de cookies<\/h1><div class=\"special-heading-border\"><div class=\"special-heading-inner-border\"><\/div><\/div><\/div>\n<\/div><\/div><\/main><!-- close content main element --><\/div><\/div><div id='after_section_1'  class='main_color av_default_container_wrap container_wrap sidebar_right'  ><div class='container av-section-cont-open' ><div class='template-page content  av-content-small alpha units'><div class='post-entry post-entry-type-page post-entry-456'><div class='entry-content-wrapper clearfix'>\n<style type=\"text\/css\" data-created_by=\"avia_inline_auto\" id=\"style-css-av-k49m2muw-e2d47a839d2ab2f8a25c36eeeba74db7\">\n.flex_column.av-k49m2muw-e2d47a839d2ab2f8a25c36eeeba74db7{\nborder-radius:0px 0px 0px 0px;\npadding:0px 0px 0px 0px;\n}\n<\/style>\n<div  class='flex_column av-k49m2muw-e2d47a839d2ab2f8a25c36eeeba74db7 av_one_full  avia-builder-el-2  el_after_av_section  avia-builder-el-no-sibling  cookies first flex_column_div av-zero-column-padding  '     ><section  class='av_textblock_section av-k49lv366-07ba33777b31b7d2cdd02be67e2c9817 '   itemscope=\"itemscope\" itemtype=\"https:\/\/schema.org\/CreativeWork\" ><div class='avia_textblock'  itemprop=\"text\" ><blockquote>\n<p>A continuaci\u00f3, trobareu informaci\u00f3 detallada sobre qu\u00e8 s\u00f3n les &#8220;cookies&#8221;, quina tipologia utilitza aquest lloc web, com canviar la configuraci\u00f3 dels seus cookies, i qu\u00e8 passa si les desactiva.<\/p>\n<\/blockquote>\n<h2>Qu\u00e8 s\u00f3n les cookies?<\/h2>\n<p>Les cookies s\u00f3n arxius que contenen petites quantitats d&#8217;informaci\u00f3, aquestes, s\u00f3n descarregades en el dispositiu de l&#8217;usuari utilitzat a l&#8217;visitar un lloc web.<\/p>\n<p>La seva finalitat principal, \u00e9s recon\u00e8ixer a l&#8217;usuari cada vegada que accedeix a la web. A m\u00e9s, aix\u00f2 ens permet millorar la qualitat i la usabilitat del nostre web.<\/p>\n<p>Les cookies s\u00f3n essencials per al funcionament d&#8217;Internet; no poden danyar l&#8217;equip \/ dispositiu de l&#8217;usuari i, si es troben activades en la configuraci\u00f3 del teu navegador, ens ajuden a identificar i resoldre possibles errors de funcionament.<\/p>\n<h2>Per a qu\u00e8 s&#8217;utilitzen les cookies en aquest lloc web?<\/h2>\n<p>Al Consell Insular d&#8217;Eivissa utilitzem cookies pr\u00f2pies i de tercers per millorar els nostres serveis i mostrar publicitat relacionada amb les seves prefer\u00e8ncies mitjan\u00e7ant l&#8217;an\u00e0lisi de l&#8217;\u00fas de la p\u00e0gina web.<\/p>\n<h2>consentiment<\/h2>\n<p>L&#8217;informem que necessitem que vost\u00e8 presti el seu consentiment per poder utilitzar les cookies tal com queda reflectit en la nostra <a href=\"\/ca\/politica-privacitat\">Pol\u00edtica de Privacitat<\/a>.<\/p>\n<p>L&#8217;usuari podr\u00e0 retirar en qualsevol moment el seu consentiment relacionat amb la Pol\u00edtica de Cookies, i pot suprimir les galetes emmagatzemades en el seu equip a trav\u00e9s dels ajustos i configuracions del seu navegador d&#8217;Internet. Per a m\u00e9s informaci\u00f3 consultar l&#8217;apartat &#8220;Configuraci\u00f3 de l&#8217;usuari per evitar cookies&#8221; d&#8217;aquesta Pol\u00edtica.<\/p>\n<h2>Tipus de Cookies<\/h2>\n<p>Hi ha diferents tipus de cookies. Tots ells treballen de la mateixa manera, per\u00f2 tenen petites difer\u00e8ncies:<\/p>\n<p>Tipus de cookies segons l&#8217;entitat que les gestiona:<\/p>\n<ul>\n<li>Cookies pr\u00f2pies: s\u00f3n aquelles que s&#8217;envien a l&#8217;equip terminal de l&#8217;usuari des d&#8217;un equip o domini gestionat pel propi editor i des del qual es presta el servei sol\u00b7licitat per l&#8217;usuari.<\/li>\n<li>Cookies de tercer: s\u00f3n aquelles que s&#8217;envien a l&#8217;equip terminal de l&#8217;usuari des d&#8217;un equip o domini que no \u00e9s gestionat per l&#8217;editor, sin\u00f3 per una altra entitat que tracta les dades obtingudes mitjan\u00e7ant les cookies.<\/li>\n<\/ul>\n<h2>Tipus de cookies segons la seva finalitat<\/h2>\n<ul>\n<li>T\u00e8cniques: necess\u00e0ries o convenients per a la prestaci\u00f3 de determinats serveis. Si es desactiven aquestes cookies podr\u00edeu no ser rebre correctament els continguts del lloc web.<\/li>\n<li>Anal\u00edtiques: utilitzades per fer el seguiment i an\u00e0lisi estad\u00edstica de l&#8217;comportament del conjunt dels usuaris. Si es desactiven aquestes cookies, el lloc web podr\u00e0 seguir funcionant, sense perjudici que la informaci\u00f3 captada per aquestes cookies sobre l&#8217;\u00fas de la nostra web i sobre el seu contingut permet millorar els nostres serveis.<\/li>\n<li>Publicitat: s\u00f3n aquelles que emmagatzemen informaci\u00f3 de l&#8217;comportament dels usuaris obtinguda a trav\u00e9s de l&#8217;observaci\u00f3 continuada dels seus h\u00e0bits de navegaci\u00f3, el que permet desenvolupar un perfil espec\u00edfic per mostrar publicitat en funci\u00f3 de la mateixa.<\/li>\n<li>Personalitzaci\u00f3: s\u00f3n aquelles que permeten recordar informaci\u00f3 perqu\u00e8 l&#8217;usuari accedeixi a el servei amb determinades caracter\u00edstiques que poden diferenciar la seva experi\u00e8ncia de la d&#8217;altres usuaris, com, per exemple, l&#8217;idioma.<\/li>\n<\/ul>\n<h2>Tipus de cookies segons el termini de temps que romanen activades<\/h2>\n<ul>\n<li>Cookies de Sessi\u00f3: Les cookies de sessi\u00f3 tenen una durada determinada, aquesta es basa en la durada de la visita de l&#8217;navegant, i s&#8217;esborren quan es tanca el navegador. La seva finalitat principal \u00e9s identificar el tipus de dispositiu, donar suport a la seguretat lloc web i a la seva funcionalitat b\u00e0sica. No contenen informaci\u00f3 personal que ens permeti identificar una persona.<\/li>\n<li>Cookies Persistents o Permanents: S\u00f3n un tipus de cookiesen el qual les dades segueixen emmagatzemats a l&#8217;ordinador de l&#8217;usuari i poden ser accedits i tractats quan l&#8217;usuari abandona la p\u00e0gina web i quan es torni a connectar-s&#8217;hi. Aquestes cookies poden ser esborrades en qualsevol moment per l&#8217;Usuari.<\/li>\n<\/ul>\n<h2>\u00das de Cookies per part de Consell Insular d&#8217;Eivissa<\/h2>\n<table class=\"tabla\">\n<thead>\n<tr>\n<th>Nom Cookie<\/th>\n<th>Prop\u00f2sit<\/th>\n<th>Titular<\/th>\n<th>Data Caducitat<\/th>\n<th>Tipus<\/th>\n<\/tr>\n<\/thead>\n<tbody>\n<tr>\n<td>_ga<\/td>\n<td>Aquestes cookies tenen una finalitat publicit\u00e0ria. Contenen un valor generat aleat\u00f2riament \u00fanic que permet a la Plataforma per distingir navegadors i dispositius. La cookie s&#8217;actualitza cada vegada que envia les dades a Google Analytics.<\/td>\n<td>Google<\/td>\n<td>2 anys<\/td>\n<td>Tercers \/ Anal\u00edtica \/ Persistent<\/td>\n<\/tr>\n<tr>\n<td>PHPPSESSID<\/td>\n<td>Aquesta cookie \u00e9s usada pel llenguatge PHP per permetre que les variables de sessi\u00f3 siguin guardades al servidor web. Aquesta cookie \u00e9s essencial per a l&#8217;enviament dels formularis d&#8217;aquest web.<br \/>\nCom la pot controlar?: Vost\u00e8 pot controlar i eliminar aquestes cookies mitjan\u00e7ant la configuraci\u00f3 del seu navegador; per\u00f2, si tria fer-ho, no podr\u00e0 fer \u00fas de la funcionalitat completa dels Serveis en L\u00ednia.<\/td>\n<td>Consell d&#8217;Eivissa<\/td>\n<td>La de la sesi\u00f3<\/td>\n<td>Sesi\u00f3<\/td>\n<\/tr>\n<tr>\n<td>PUM*<\/td>\n<td>Necess\u00e0ria per no repetir en el mateix navegador d&#8217;l&#8217;usuari un av\u00eds temporal. Com la pot controlar ?: Vost\u00e8 pot controlar i eliminar aquestes cookies mitjan\u00e7ant la configuraci\u00f3 del seu navegador.<\/td>\n<td><\/td>\n<td>1 hora<\/td>\n<td>Sesi\u00f3<\/td>\n<\/tr>\n<tr>\n<td>catAccCookies<\/td>\n<td>Necesaria para no repetir en el mismo navegador del usuario un aviso de privacidad. Como la puede controlar?: Usted puede controlar y eliminar estas cookies a trav\u00e9s de la configuraci\u00f3n de su navegador.<\/td>\n<td><\/td>\n<td>24 horas<\/td>\n<td>Sesi\u00f3n<\/td>\n<\/tr>\n<tr>\n<td>eform-submission<\/td>\n<td>Necess\u00e0ria per no repetir en el mateix navegador d&#8217;l&#8217;usuari un av\u00eds de privacitat. Com la pot controlar ?: Vost\u00e8 pot controlar i eliminar aquestes cookies mitjan\u00e7ant la configuraci\u00f3 del seu navegador.<\/td>\n<td><\/td>\n<td>1 any<\/td>\n<td>Sesi\u00f3<\/td>\n<\/tr>\n<tr>\n<td>_icl_current_admin_language \/ _icl_current_language<\/td>\n<td>Per mantenir l&#8217;idioma de l&#8217;usuari en seg\u00fcent connexi\u00f3. Com la pot controlar ?: Vost\u00e8 pot controlar i eliminar aquestes cookies mitjan\u00e7ant la configuraci\u00f3 del seu navegador.<\/td>\n<td><\/td>\n<td>24 horas<\/td>\n<td>sesi\u00f3<\/td>\n<\/tr>\n<\/tbody>\n<\/table>\n<h2>Qu\u00e8 passa si es desactiven les cookies?<\/h2>\n<p>Algunes caracter\u00edstiques interactives dels serveis d&#8217;aquest lloc web podrien no funcionar si es desactiven les cookies.<\/p>\n<h2>Configuraci\u00f3 de l&#8217;usuari per evitar Cookies<\/h2>\n<p>Posem a la teva disposici\u00f3 la informaci\u00f3 que et permeti configurar el teu navegador \/ navegadors d&#8217;Internet per mantenir la teva privacitat i seguretat en relaci\u00f3 a les cookies. Per aix\u00f2, et facilitem la informaci\u00f3 i enlla\u00e7os als situats de suport oficials dels principals navegadors perqu\u00e8 puguis decidir si vols o no acceptar l&#8217;\u00fas de cookies.<br \/>\nAix\u00ed, pots bloquejar les cookies a trav\u00e9s de les eines de configuraci\u00f3 de el navegador o b\u00e9 pots configurar el teu navegador perqu\u00e8 et avisi quan un servidor vulgui guardar una cookie:<\/p>\n<ol>\n<li>Si utilitzes Microsoft Internet Explorer, en l&#8217;opci\u00f3 de men\u00fa Eines &gt; Opcions d&#8217;Internet &gt; Privacitat &gt; Configuraci\u00f3. M\u00e9s Informaci\u00f3.<\/li>\n<li>Si utilitzes Firefox, en l&#8217;opci\u00f3 de men\u00fa Eines &gt; Opcions &gt; Privacitat &gt; Galetes.<\/li>\n<li>Si utilitzes Chrome, a la secci\u00f3 d&#8217;Opcions &gt; Opcions avan\u00e7ades &gt; Privadesa.<\/li>\n<li>Si utilitzes Opera, en l&#8217;opci\u00f3 de Seguretat i privadesa, podr\u00e0s configurar el navegador.<\/li>\n<li>Si utilitzes Safari, en l&#8217;opci\u00f3 Prefer\u00e8ncies &gt; Seguretat o Privadesa, podr\u00e0s configurar Navegador.<\/li>\n<\/ol>\n<p>Si utilitzeu un altre navegador, consulti la seva pol\u00edtica d&#8217;instal\u00b7laci\u00f3, \u00fas i bloqueig de cookies.<\/p>\n<h2>Canvi en la Pol\u00edtica<\/h2>\n<p>La present Pol\u00edtica de Cookies es podr\u00e0 modificar quan aix\u00ed ho exigeixi la legislaci\u00f3 vigent en cada moment o quan hi hagu\u00e9s alguna variaci\u00f3 en el tipus de cookies utilitzades en el lloc web. Per aix\u00f2, li recomanem revisar aquesta pol\u00edtica cada vegada que accedeixi al nostre lloc web amb l&#8217;objectiu d&#8217;estar adequadament informat sobre com i per qu\u00e8 fem servir les cookies.<br \/>\nLi recordem que disposa d&#8217;informaci\u00f3 ampliada sobre el tractament de dades personals en la nostra <a href=\"\/ca\/politica-privacitat\">Pol\u00edtica de Privacitat<\/a>.<\/p>\n<\/div><\/section><\/div><\/p>\n","protected":false},"excerpt":{"rendered":"","protected":false},"author":1,"featured_media":0,"parent":0,"menu_order":0,"comment_status":"closed","ping_status":"closed","template":"","meta":{"footnotes":""},"class_list":["post-456","page","type-page","status-publish","hentry"],"yoast_head":"<!-- This site is optimized with the Yoast SEO plugin v27.2 - https:\/\/yoast.com\/product\/yoast-seo-wordpress\/ -->\n<title>cookies - Cita previa ITV | Consell d&#039;Eivissa<\/title>\n<meta name=\"robots\" content=\"index, follow, max-snippet:-1, max-image-preview:large, max-video-preview:-1\" \/>\n<link rel=\"canonical\" href=\"https:\/\/itv.conselldeivissa.es\/ca\/cookies\/\" \/>\n<meta property=\"og:locale\" content=\"ca_ES\" \/>\n<meta property=\"og:type\" content=\"article\" \/>\n<meta property=\"og:title\" content=\"cookies - Cita previa ITV | Consell d&#039;Eivissa\" \/>\n<meta property=\"og:url\" content=\"https:\/\/itv.conselldeivissa.es\/ca\/cookies\/\" \/>\n<meta property=\"og:site_name\" content=\"Cita previa ITV | Consell d&#039;Eivissa\" \/>\n<meta property=\"article:modified_time\" content=\"2020-01-21T18:44:54+00:00\" \/>\n<meta name=\"twitter:card\" content=\"summary_large_image\" \/>\n<meta name=\"twitter:label1\" content=\"Est. reading time\" \/>\n\t<meta name=\"twitter:data1\" content=\"8 minutes\" \/>\n<script type=\"application\/ld+json\" class=\"yoast-schema-graph\">{\"@context\":\"https:\/\/schema.org\",\"@graph\":[{\"@type\":\"WebPage\",\"@id\":\"https:\/\/itv.conselldeivissa.es\/ca\/cookies\/\",\"url\":\"https:\/\/itv.conselldeivissa.es\/ca\/cookies\/\",\"name\":\"cookies - Cita previa ITV | Consell d&#039;Eivissa\",\"isPartOf\":{\"@id\":\"https:\/\/itv.conselldeivissa.es\/ca\/#website\"},\"datePublished\":\"2019-12-17T09:12:39+00:00\",\"dateModified\":\"2020-01-21T18:44:54+00:00\",\"breadcrumb\":{\"@id\":\"https:\/\/itv.conselldeivissa.es\/ca\/cookies\/#breadcrumb\"},\"inLanguage\":\"ca-ES\",\"potentialAction\":[{\"@type\":\"ReadAction\",\"target\":[\"https:\/\/itv.conselldeivissa.es\/ca\/cookies\/\"]}]},{\"@type\":\"BreadcrumbList\",\"@id\":\"https:\/\/itv.conselldeivissa.es\/ca\/cookies\/#breadcrumb\",\"itemListElement\":[{\"@type\":\"ListItem\",\"position\":1,\"name\":\"Portada\",\"item\":\"http:\/\/itv.conselldeivissa.es\/ca\/\"},{\"@type\":\"ListItem\",\"position\":2,\"name\":\"cookies\"}]},{\"@type\":\"WebSite\",\"@id\":\"https:\/\/itv.conselldeivissa.es\/ca\/#website\",\"url\":\"https:\/\/itv.conselldeivissa.es\/ca\/\",\"name\":\"Cita previa ITV | Consell d&#039;Eivissa\",\"description\":\"Inspecci\u00f3 T\u00e8cnica de Vehicles a Eivissa\",\"potentialAction\":[{\"@type\":\"SearchAction\",\"target\":{\"@type\":\"EntryPoint\",\"urlTemplate\":\"https:\/\/itv.conselldeivissa.es\/ca\/?s={search_term_string}\"},\"query-input\":{\"@type\":\"PropertyValueSpecification\",\"valueRequired\":true,\"valueName\":\"search_term_string\"}}],\"inLanguage\":\"ca-ES\"}]}<\/script>\n<!-- \/ Yoast SEO plugin. -->","yoast_head_json":{"title":"cookies - Cita previa ITV | Consell d&#039;Eivissa","robots":{"index":"index","follow":"follow","max-snippet":"max-snippet:-1","max-image-preview":"max-image-preview:large","max-video-preview":"max-video-preview:-1"},"canonical":"https:\/\/itv.conselldeivissa.es\/ca\/cookies\/","og_locale":"ca_ES","og_type":"article","og_title":"cookies - Cita previa ITV | Consell d&#039;Eivissa","og_url":"https:\/\/itv.conselldeivissa.es\/ca\/cookies\/","og_site_name":"Cita previa ITV | Consell d&#039;Eivissa","article_modified_time":"2020-01-21T18:44:54+00:00","twitter_card":"summary_large_image","twitter_misc":{"Est. reading time":"8 minutes"},"schema":{"@context":"https:\/\/schema.org","@graph":[{"@type":"WebPage","@id":"https:\/\/itv.conselldeivissa.es\/ca\/cookies\/","url":"https:\/\/itv.conselldeivissa.es\/ca\/cookies\/","name":"cookies - Cita previa ITV | Consell d&#039;Eivissa","isPartOf":{"@id":"https:\/\/itv.conselldeivissa.es\/ca\/#website"},"datePublished":"2019-12-17T09:12:39+00:00","dateModified":"2020-01-21T18:44:54+00:00","breadcrumb":{"@id":"https:\/\/itv.conselldeivissa.es\/ca\/cookies\/#breadcrumb"},"inLanguage":"ca-ES","potentialAction":[{"@type":"ReadAction","target":["https:\/\/itv.conselldeivissa.es\/ca\/cookies\/"]}]},{"@type":"BreadcrumbList","@id":"https:\/\/itv.conselldeivissa.es\/ca\/cookies\/#breadcrumb","itemListElement":[{"@type":"ListItem","position":1,"name":"Portada","item":"http:\/\/itv.conselldeivissa.es\/ca\/"},{"@type":"ListItem","position":2,"name":"cookies"}]},{"@type":"WebSite","@id":"https:\/\/itv.conselldeivissa.es\/ca\/#website","url":"https:\/\/itv.conselldeivissa.es\/ca\/","name":"Cita previa ITV | Consell d&#039;Eivissa","description":"Inspecci\u00f3 T\u00e8cnica de Vehicles a Eivissa","potentialAction":[{"@type":"SearchAction","target":{"@type":"EntryPoint","urlTemplate":"https:\/\/itv.conselldeivissa.es\/ca\/?s={search_term_string}"},"query-input":{"@type":"PropertyValueSpecification","valueRequired":true,"valueName":"search_term_string"}}],"inLanguage":"ca-ES"}]}},"_links":{"self":[{"href":"https:\/\/itv.conselldeivissa.es\/ca\/wp-json\/wp\/v2\/pages\/456","targetHints":{"allow":["GET"]}}],"collection":[{"href":"https:\/\/itv.conselldeivissa.es\/ca\/wp-json\/wp\/v2\/pages"}],"about":[{"href":"https:\/\/itv.conselldeivissa.es\/ca\/wp-json\/wp\/v2\/types\/page"}],"author":[{"embeddable":true,"href":"https:\/\/itv.conselldeivissa.es\/ca\/wp-json\/wp\/v2\/users\/1"}],"replies":[{"embeddable":true,"href":"https:\/\/itv.conselldeivissa.es\/ca\/wp-json\/wp\/v2\/comments?post=456"}],"version-history":[{"count":6,"href":"https:\/\/itv.conselldeivissa.es\/ca\/wp-json\/wp\/v2\/pages\/456\/revisions"}],"predecessor-version":[{"id":589,"href":"https:\/\/itv.conselldeivissa.es\/ca\/wp-json\/wp\/v2\/pages\/456\/revisions\/589"}],"wp:attachment":[{"href":"https:\/\/itv.conselldeivissa.es\/ca\/wp-json\/wp\/v2\/media?parent=456"}],"curies":[{"name":"wp","href":"https:\/\/api.w.org\/{rel}","templated":true}]}}