{"id":894,"date":"2021-02-13T00:34:13","date_gmt":"2021-02-12T23:34:13","guid":{"rendered":"http:\/\/itv.conselldeivissa.es\/?page_id=894"},"modified":"2026-01-14T11:43:32","modified_gmt":"2026-01-14T10:43:32","slug":"consultar-cita-previa","status":"publish","type":"page","link":"https:\/\/itv.conselldeivissa.es\/ca\/consultar-cita-previa\/","title":{"rendered":"Consultar cita previa"},"content":{"rendered":"<div id='full_slider_1'  class='avia-fullwidth-slider main_color avia-shadow   avia-builder-el-0  el_before_av_heading  avia-builder-el-first   container_wrap sidebar_right'  ><div  class='avia-slideshow av-k3buo52q-f769d9f02a577c7f5dfb10ef0f3bb1fc avia-slideshow-no scaling av_slideshow_full avia-slide-slider av-slideshow-ui av-control-default av-slideshow-manual av-loop-once av-loop-manual-endless av-default-height-applied   avia-slideshow-1' data-slideshow-options=\"{&quot;animation&quot;:&quot;slide&quot;,&quot;autoplay&quot;:false,&quot;loop_autoplay&quot;:&quot;once&quot;,&quot;interval&quot;:5,&quot;loop_manual&quot;:&quot;manual-endless&quot;,&quot;autoplay_stopper&quot;:false,&quot;noNavigation&quot;:false,&quot;bg_slider&quot;:false,&quot;keep_padding&quot;:false,&quot;hoverpause&quot;:false,&quot;show_slide_delay&quot;:0}\"  itemprop=\"image\" itemscope=\"itemscope\" itemtype=\"https:\/\/schema.org\/ImageObject\" ><ul class='avia-slideshow-inner ' style='padding-bottom: 20.833333333333%;'><li  class='avia-slideshow-slide av-k3buo52q-f769d9f02a577c7f5dfb10ef0f3bb1fc__0  av-single-slide slide-1 slide-odd'><div data-rel='slideshow-1' class='avia-slide-wrap '   ><img decoding=\"async\" fetchpriority=\"high\" class=\"wp-image-345 avia-img-lazy-loading-not-345\"  src=\"https:\/\/itv.conselldeivissa.es\/wp-content\/uploads\/cabecera03.jpg\" width=\"1920\" height=\"400\" title='cabecera03' alt=''  itemprop=\"thumbnailUrl\" srcset=\"https:\/\/itv.conselldeivissa.es\/wp-content\/uploads\/cabecera03.jpg 1920w, https:\/\/itv.conselldeivissa.es\/wp-content\/uploads\/cabecera03-300x63.jpg 300w, https:\/\/itv.conselldeivissa.es\/wp-content\/uploads\/cabecera03-1030x215.jpg 1030w, https:\/\/itv.conselldeivissa.es\/wp-content\/uploads\/cabecera03-768x160.jpg 768w, https:\/\/itv.conselldeivissa.es\/wp-content\/uploads\/cabecera03-1536x320.jpg 1536w, https:\/\/itv.conselldeivissa.es\/wp-content\/uploads\/cabecera03-1500x313.jpg 1500w, https:\/\/itv.conselldeivissa.es\/wp-content\/uploads\/cabecera03-705x147.jpg 705w\" sizes=\"(max-width: 1920px) 100vw, 1920px\" \/><\/div><\/li><\/ul><\/div><\/div><div id='after_full_slider_1'  class='main_color av_default_container_wrap container_wrap sidebar_right'  ><div class='container av-section-cont-open' ><div class='template-page content  av-content-small alpha units'><div class='post-entry post-entry-type-page post-entry-894'><div class='entry-content-wrapper clearfix'>\n\n<style type=\"text\/css\" data-created_by=\"avia_inline_auto\" id=\"style-css-av-kl302wcq-dbcf98afb3eac73f3b136e09adab8f41\">\n#top .av-special-heading.av-kl302wcq-dbcf98afb3eac73f3b136e09adab8f41{\npadding-bottom:10px;\n}\nbody .av-special-heading.av-kl302wcq-dbcf98afb3eac73f3b136e09adab8f41 .av-special-heading-tag .heading-char{\nfont-size:25px;\n}\n.av-special-heading.av-kl302wcq-dbcf98afb3eac73f3b136e09adab8f41 .av-subheading{\nfont-size:15px;\n}\n<\/style>\n<div  class='av-special-heading av-kl302wcq-dbcf98afb3eac73f3b136e09adab8f41 av-special-heading-h1 blockquote modern-quote  avia-builder-el-1  el_after_av_slideshow_full  el_before_av_textblock  avia-builder-el-first  grande av-linked-heading'><h1 class='av-special-heading-tag '  itemprop=\"headline\"  >Consultar o anul\u00b7lar cita pr\u00e8via<\/h1><div class=\"special-heading-border\"><div class=\"special-heading-inner-border\"><\/div><\/div><\/div>\n<section  class='av_textblock_section av-eyowm-975e8df0dcec729b6af4b29741d77a9a '   itemscope=\"itemscope\" itemtype=\"https:\/\/schema.org\/CreativeWork\" ><div class='avia_textblock consultar-cita-form'  itemprop=\"text\" ><p><strong>Indica&#8217;ns la matr\u00edcula de el vehicle i algunes de les dades que ens vas facilitar a l&#8217;sol\u00b7licitar la cita per a la inspecci\u00f3.<\/strong><br \/>\nSi la data de la cita concertada \u00e9s anterior a el dia d&#8217;avui, no cal que la anul\u00b7lis, directament concreta una nova cita.<\/p>\n<div class=\"consulta-form\"><input class=\"consulta-left\" maxlength=\"15\" type=\"text\" placeholder=\"Matr\u00edcula d'el vehicle\" data-campo=\"matricula\" \/><input class=\"consulta-right\" maxlength=\"50\" type=\"text\" placeholder=\"Correu electr\u00f2nic o tel\u00e8fon m\u00f2bil\" data-campo=\"correoElectronicoOTelefonoMovil\" \/><\/div>\n<p><a class=\"sycitv-boton\" href=\"#\" data-comando=\"consultar-cita\">ENVIAR<\/a><\/p>\n<\/div><\/section>\n\n","protected":false},"excerpt":{"rendered":"","protected":false},"author":2,"featured_media":0,"parent":0,"menu_order":0,"comment_status":"closed","ping_status":"closed","template":"","meta":{"footnotes":""},"class_list":["post-894","page","type-page","status-publish","hentry"],"yoast_head":"<!-- This site is optimized with the Yoast SEO plugin v27.2 - https:\/\/yoast.com\/product\/yoast-seo-wordpress\/ -->\n<title>Consultar cita previa - Cita previa ITV | Consell d&#039;Eivissa<\/title>\n<meta name=\"robots\" content=\"index, follow, max-snippet:-1, max-image-preview:large, max-video-preview:-1\" \/>\n<link rel=\"canonical\" href=\"https:\/\/itv.conselldeivissa.es\/ca\/consultar-cita-previa\/\" \/>\n<meta property=\"og:locale\" content=\"ca_ES\" \/>\n<meta property=\"og:type\" content=\"article\" \/>\n<meta property=\"og:title\" content=\"Consultar cita previa - Cita previa ITV | Consell d&#039;Eivissa\" \/>\n<meta property=\"og:url\" content=\"https:\/\/itv.conselldeivissa.es\/ca\/consultar-cita-previa\/\" \/>\n<meta property=\"og:site_name\" content=\"Cita previa ITV | Consell d&#039;Eivissa\" \/>\n<meta property=\"article:modified_time\" content=\"2026-01-14T10:43:32+00:00\" \/>\n<meta name=\"twitter:card\" content=\"summary_large_image\" \/>\n<meta name=\"twitter:label1\" content=\"Est. reading time\" \/>\n\t<meta name=\"twitter:data1\" content=\"1 minute\" \/>\n<script type=\"application\/ld+json\" class=\"yoast-schema-graph\">{\"@context\":\"https:\/\/schema.org\",\"@graph\":[{\"@type\":\"WebPage\",\"@id\":\"https:\/\/itv.conselldeivissa.es\/ca\/consultar-cita-previa\/\",\"url\":\"https:\/\/itv.conselldeivissa.es\/ca\/consultar-cita-previa\/\",\"name\":\"Consultar cita previa - Cita previa ITV | Consell d&#039;Eivissa\",\"isPartOf\":{\"@id\":\"https:\/\/itv.conselldeivissa.es\/ca\/#website\"},\"datePublished\":\"2021-02-12T23:34:13+00:00\",\"dateModified\":\"2026-01-14T10:43:32+00:00\",\"breadcrumb\":{\"@id\":\"https:\/\/itv.conselldeivissa.es\/ca\/consultar-cita-previa\/#breadcrumb\"},\"inLanguage\":\"ca-ES\",\"potentialAction\":[{\"@type\":\"ReadAction\",\"target\":[\"https:\/\/itv.conselldeivissa.es\/ca\/consultar-cita-previa\/\"]}]},{\"@type\":\"BreadcrumbList\",\"@id\":\"https:\/\/itv.conselldeivissa.es\/ca\/consultar-cita-previa\/#breadcrumb\",\"itemListElement\":[{\"@type\":\"ListItem\",\"position\":1,\"name\":\"Portada\",\"item\":\"http:\/\/itv.conselldeivissa.es\/ca\/\"},{\"@type\":\"ListItem\",\"position\":2,\"name\":\"Consultar cita previa\"}]},{\"@type\":\"WebSite\",\"@id\":\"https:\/\/itv.conselldeivissa.es\/ca\/#website\",\"url\":\"https:\/\/itv.conselldeivissa.es\/ca\/\",\"name\":\"Cita previa ITV | Consell d&#039;Eivissa\",\"description\":\"Inspecci\u00f3 T\u00e8cnica de Vehicles a Eivissa\",\"potentialAction\":[{\"@type\":\"SearchAction\",\"target\":{\"@type\":\"EntryPoint\",\"urlTemplate\":\"https:\/\/itv.conselldeivissa.es\/ca\/?s={search_term_string}\"},\"query-input\":{\"@type\":\"PropertyValueSpecification\",\"valueRequired\":true,\"valueName\":\"search_term_string\"}}],\"inLanguage\":\"ca-ES\"}]}<\/script>\n<!-- \/ Yoast SEO plugin. -->","yoast_head_json":{"title":"Consultar cita previa - Cita previa ITV | Consell d&#039;Eivissa","robots":{"index":"index","follow":"follow","max-snippet":"max-snippet:-1","max-image-preview":"max-image-preview:large","max-video-preview":"max-video-preview:-1"},"canonical":"https:\/\/itv.conselldeivissa.es\/ca\/consultar-cita-previa\/","og_locale":"ca_ES","og_type":"article","og_title":"Consultar cita previa - Cita previa ITV | Consell d&#039;Eivissa","og_url":"https:\/\/itv.conselldeivissa.es\/ca\/consultar-cita-previa\/","og_site_name":"Cita previa ITV | Consell d&#039;Eivissa","article_modified_time":"2026-01-14T10:43:32+00:00","twitter_card":"summary_large_image","twitter_misc":{"Est. reading time":"1 minute"},"schema":{"@context":"https:\/\/schema.org","@graph":[{"@type":"WebPage","@id":"https:\/\/itv.conselldeivissa.es\/ca\/consultar-cita-previa\/","url":"https:\/\/itv.conselldeivissa.es\/ca\/consultar-cita-previa\/","name":"Consultar cita previa - Cita previa ITV | Consell d&#039;Eivissa","isPartOf":{"@id":"https:\/\/itv.conselldeivissa.es\/ca\/#website"},"datePublished":"2021-02-12T23:34:13+00:00","dateModified":"2026-01-14T10:43:32+00:00","breadcrumb":{"@id":"https:\/\/itv.conselldeivissa.es\/ca\/consultar-cita-previa\/#breadcrumb"},"inLanguage":"ca-ES","potentialAction":[{"@type":"ReadAction","target":["https:\/\/itv.conselldeivissa.es\/ca\/consultar-cita-previa\/"]}]},{"@type":"BreadcrumbList","@id":"https:\/\/itv.conselldeivissa.es\/ca\/consultar-cita-previa\/#breadcrumb","itemListElement":[{"@type":"ListItem","position":1,"name":"Portada","item":"http:\/\/itv.conselldeivissa.es\/ca\/"},{"@type":"ListItem","position":2,"name":"Consultar cita previa"}]},{"@type":"WebSite","@id":"https:\/\/itv.conselldeivissa.es\/ca\/#website","url":"https:\/\/itv.conselldeivissa.es\/ca\/","name":"Cita previa ITV | Consell d&#039;Eivissa","description":"Inspecci\u00f3 T\u00e8cnica de Vehicles a Eivissa","potentialAction":[{"@type":"SearchAction","target":{"@type":"EntryPoint","urlTemplate":"https:\/\/itv.conselldeivissa.es\/ca\/?s={search_term_string}"},"query-input":{"@type":"PropertyValueSpecification","valueRequired":true,"valueName":"search_term_string"}}],"inLanguage":"ca-ES"}]}},"_links":{"self":[{"href":"https:\/\/itv.conselldeivissa.es\/ca\/wp-json\/wp\/v2\/pages\/894","targetHints":{"allow":["GET"]}}],"collection":[{"href":"https:\/\/itv.conselldeivissa.es\/ca\/wp-json\/wp\/v2\/pages"}],"about":[{"href":"https:\/\/itv.conselldeivissa.es\/ca\/wp-json\/wp\/v2\/types\/page"}],"author":[{"embeddable":true,"href":"https:\/\/itv.conselldeivissa.es\/ca\/wp-json\/wp\/v2\/users\/2"}],"replies":[{"embeddable":true,"href":"https:\/\/itv.conselldeivissa.es\/ca\/wp-json\/wp\/v2\/comments?post=894"}],"version-history":[{"count":13,"href":"https:\/\/itv.conselldeivissa.es\/ca\/wp-json\/wp\/v2\/pages\/894\/revisions"}],"predecessor-version":[{"id":1141,"href":"https:\/\/itv.conselldeivissa.es\/ca\/wp-json\/wp\/v2\/pages\/894\/revisions\/1141"}],"wp:attachment":[{"href":"https:\/\/itv.conselldeivissa.es\/ca\/wp-json\/wp\/v2\/media?parent=894"}],"curies":[{"name":"wp","href":"https:\/\/api.w.org\/{rel}","templated":true}]}}